{"id":149,"date":"2023-12-04T16:22:57","date_gmt":"2023-12-04T16:22:57","guid":{"rendered":"https:\/\/salgadosgolf.com\/?page_id=149"},"modified":"2026-04-20T16:37:18","modified_gmt":"2026-04-20T15:37:18","slug":"dining","status":"publish","type":"page","link":"https:\/\/salgadosgolf.com\/pt\/dining","title":{"rendered":"Dining"},"content":{"rendered":"<div data-elementor-type=\"wp-page\" data-elementor-id=\"149\" class=\"elementor elementor-149\" data-elementor-post-type=\"page\">\n\t\t\t\t<div class=\"elementor-element elementor-element-2c8d0db e-con-full e-flex e-con e-parent\" data-id=\"2c8d0db\" data-element_type=\"container\" data-e-type=\"container\" data-settings=\"{&quot;background_background&quot;:&quot;classic&quot;}\">\n\t\t\t\t<div class=\"elementor-element elementor-element-0692898 elementor-widget elementor-widget-heading\" data-id=\"0692898\" data-element_type=\"widget\" data-e-type=\"widget\" data-widget_type=\"heading.default\">\n\t\t\t\t<div class=\"elementor-widget-container\">\n\t\t\t\t\t<h1 class=\"elementor-heading-title elementor-size-default\">Clubhouse Dining no Salgados Golf Club - Comer no Algarve<\/h1>\t\t\t\t<\/div>\n\t\t\t\t<\/div>\n\t\t\t\t<\/div>\n\t\t<div class=\"elementor-element elementor-element-7b4c10b e-flex e-con-boxed e-con e-parent\" data-id=\"7b4c10b\" data-element_type=\"container\" data-e-type=\"container\">\n\t\t\t\t\t<div class=\"e-con-inner\">\n\t\t<div class=\"elementor-element elementor-element-95e8a3f e-con-full e-flex e-con e-child\" data-id=\"95e8a3f\" data-element_type=\"container\" data-e-type=\"container\">\n\t\t\t\t<div class=\"elementor-element elementor-element-7159893 elementor-widget elementor-widget-image\" data-id=\"7159893\" data-element_type=\"widget\" data-e-type=\"widget\" data-widget_type=\"image.default\">\n\t\t\t\t<div class=\"elementor-widget-container\">\n\t\t\t\t\t\t\t\t\t\t\t\t\t\t\t<img fetchpriority=\"high\" decoding=\"async\" width=\"800\" height=\"450\" src=\"https:\/\/salgadosgolf.com\/wp-content\/uploads\/2025\/04\/Food-Salgados-Golf-1024x576.jpg\" class=\"attachment-large size-large wp-image-1950\" alt=\"Dining Photo Salgados Golf\" srcset=\"https:\/\/salgadosgolf.com\/wp-content\/uploads\/2025\/04\/Food-Salgados-Golf-1024x576.jpg 1024w, https:\/\/salgadosgolf.com\/wp-content\/uploads\/2025\/04\/Food-Salgados-Golf-300x169.jpg 300w, https:\/\/salgadosgolf.com\/wp-content\/uploads\/2025\/04\/Food-Salgados-Golf-768x432.jpg 768w, https:\/\/salgadosgolf.com\/wp-content\/uploads\/2025\/04\/Food-Salgados-Golf-1536x864.jpg 1536w, https:\/\/salgadosgolf.com\/wp-content\/uploads\/2025\/04\/Food-Salgados-Golf.jpg 1920w\" sizes=\"(max-width: 800px) 100vw, 800px\" \/>\t\t\t\t\t\t\t\t\t\t\t\t\t\t\t<\/div>\n\t\t\t\t<\/div>\n\t\t\t\t<\/div>\n\t\t<div class=\"elementor-element elementor-element-c18b164 e-con-full e-flex e-con e-child\" data-id=\"c18b164\" data-element_type=\"container\" data-e-type=\"container\">\n\t\t\t\t<div class=\"elementor-element elementor-element-204adba elementor-widget elementor-widget-text-editor\" data-id=\"204adba\" data-element_type=\"widget\" data-e-type=\"widget\" data-widget_type=\"text-editor.default\">\n\t\t\t\t<div class=\"elementor-widget-container\">\n\t\t\t\t\t\t\t\t\t<p>Ap\u00f3s a sua partida num dos melhores campos de golfe do Algarve, recarregue energias e relaxe no clube do Salgados Golf Club.<\/p><p>O nosso acolhedor clube oferece uma variedade de op\u00e7\u00f5es gastron\u00f3micas durante todo o dia, incluindo refei\u00e7\u00f5es ligeiras, snacks r\u00e1pidos e bebidas refrescantes \u2014 perfeitas para o paladar de todos os golfistas.<\/p><p>Whether you\u2019re grabbing a bite before your tee time or unwinding after 18 holes, enjoy a laid-back dining experience with beautiful views of the course.<\/p><p>O Salgados Golf Clubhouse \u00e9 o local ideal para recarregar energias e absorver a atmosfera do seu dia de golfe no Algarve.<\/p>\t\t\t\t\t\t\t\t<\/div>\n\t\t\t\t<\/div>\n\t\t\t\t<div class=\"elementor-element elementor-element-66b9f57 elementor-widget elementor-widget-button\" data-id=\"66b9f57\" data-element_type=\"widget\" data-e-type=\"widget\" data-widget_type=\"button.default\">\n\t\t\t\t<div class=\"elementor-widget-container\">\n\t\t\t\t\t\t\t\t\t<div class=\"elementor-button-wrapper\">\n\t\t\t\t\t<a class=\"elementor-button elementor-button-link elementor-size-sm elementor-animation-pop\" href=\"https:\/\/salgadosgolf.com\/wp-content\/uploads\/2026\/04\/Salgados-English-Menu.pdf\" target=\"_blank\" rel=\"nofollow\">\n\t\t\t\t\t\t<span class=\"elementor-button-content-wrapper\">\n\t\t\t\t\t\t\t\t\t<span class=\"elementor-button-text\">Download do Menu<\/span>\n\t\t\t\t\t<\/span>\n\t\t\t\t\t<\/a>\n\t\t\t\t<\/div>\n\t\t\t\t\t\t\t\t<\/div>\n\t\t\t\t<\/div>\n\t\t\t\t<\/div>\n\t\t\t\t\t<\/div>\n\t\t\t\t<\/div>\n\t\t<div class=\"elementor-element elementor-element-2b8d5ec e-flex e-con-boxed e-con e-parent\" data-id=\"2b8d5ec\" data-element_type=\"container\" data-e-type=\"container\">\n\t\t\t\t\t<div class=\"e-con-inner\">\n\t\t\t\t<div class=\"elementor-element elementor-element-dc50d7c elementor-widget elementor-widget-heading\" data-id=\"dc50d7c\" data-element_type=\"widget\" data-e-type=\"widget\" data-widget_type=\"heading.default\">\n\t\t\t\t<div class=\"elementor-widget-container\">\n\t\t\t\t\t<h3 class=\"elementor-heading-title elementor-size-default\">Pronto para saborear os sabores do Algarve?<\/h3>\t\t\t\t<\/div>\n\t\t\t\t<\/div>\n\t\t\t\t<div class=\"elementor-element elementor-element-6cb3258 elementor-widget elementor-widget-text-editor\" data-id=\"6cb3258\" data-element_type=\"widget\" data-e-type=\"widget\" data-widget_type=\"text-editor.default\">\n\t\t\t\t<div class=\"elementor-widget-container\">\n\t\t\t\t\t\t\t\t\t<p>Reserve j\u00e1 a sua mesa e desfrute de uma experi\u00eancia gastron\u00f3mica relaxante com vistas deslumbrantes para o campo de golfe. Quer seja para uma refei\u00e7\u00e3o r\u00e1pida ou para um jantar tranquilo, o seu momento gastron\u00f3mico perfeito espera por si.<\/p>\t\t\t\t\t\t\t\t<\/div>\n\t\t\t\t<\/div>\n\t\t\t\t<div class=\"elementor-element elementor-element-db3d9f0 elementor-align-center elementor-widget elementor-widget-button\" data-id=\"db3d9f0\" data-element_type=\"widget\" data-e-type=\"widget\" data-widget_type=\"button.default\">\n\t\t\t\t<div class=\"elementor-widget-container\">\n\t\t\t\t\t\t\t\t\t<div class=\"elementor-button-wrapper\">\n\t\t\t\t\t<a class=\"elementor-button elementor-button-link elementor-size-sm\" href=\"tel:+351289583030\">\n\t\t\t\t\t\t<span class=\"elementor-button-content-wrapper\">\n\t\t\t\t\t\t\t\t\t<span class=\"elementor-button-text\">Ligar para reservar mesa<\/span>\n\t\t\t\t\t<\/span>\n\t\t\t\t\t<\/a>\n\t\t\t\t<\/div>\n\t\t\t\t\t\t\t\t<\/div>\n\t\t\t\t<\/div>\n\t\t\t\t\t<\/div>\n\t\t\t\t<\/div>\n\t\t\t\t<\/div>","protected":false},"excerpt":{"rendered":"<p>Clubhouse Dining at Salgados Golf Club &#8211; Eating in the Algarve After your round at one of the best golf courses in the Algarve, refuel and relax at the Salgados [&hellip;]<\/p>\n","protected":false},"author":3,"featured_media":1485,"parent":0,"menu_order":0,"comment_status":"closed","ping_status":"closed","template":"","meta":{"_acf_changed":false,"footnotes":""},"class_list":["post-149","page","type-page","status-publish","has-post-thumbnail","hentry"],"acf":[],"yoast_head":"<!-- This site is optimized with the Yoast SEO plugin v27.4 - https:\/\/yoast.com\/product\/yoast-seo-wordpress\/ -->\n<title>Dining - Salgados Golf<\/title>\n<meta name=\"robots\" content=\"index, follow, max-snippet:-1, max-image-preview:large, max-video-preview:-1\" \/>\n<link rel=\"canonical\" href=\"https:\/\/salgadosgolf.com\/pt\/dining\/\" \/>\n<meta property=\"og:locale\" content=\"pt_PT\" \/>\n<meta property=\"og:type\" content=\"article\" \/>\n<meta property=\"og:title\" content=\"Dining - Salgados Golf\" \/>\n<meta property=\"og:description\" content=\"Clubhouse Dining at Salgados Golf Club &#8211; Eating in the Algarve After your round at one of the best golf courses in the Algarve, refuel and relax at the Salgados [&hellip;]\" \/>\n<meta property=\"og:url\" content=\"https:\/\/salgadosgolf.com\/pt\/dining\/\" \/>\n<meta property=\"og:site_name\" content=\"Salgados Golf\" \/>\n<meta property=\"article:modified_time\" content=\"2026-04-20T15:37:18+00:00\" \/>\n<meta property=\"og:image\" content=\"https:\/\/salgadosgolf.com\/wp-content\/uploads\/2024\/01\/Dinning.jpg\" \/>\n\t<meta property=\"og:image:width\" content=\"2000\" \/>\n\t<meta property=\"og:image:height\" content=\"520\" \/>\n\t<meta property=\"og:image:type\" content=\"image\/jpeg\" \/>\n<meta name=\"twitter:card\" content=\"summary_large_image\" \/>\n<meta name=\"twitter:label1\" content=\"Tempo estimado de leitura\" \/>\n\t<meta name=\"twitter:data1\" content=\"1 minuto\" \/>\n<script type=\"application\/ld+json\" class=\"yoast-schema-graph\">{\"@context\":\"https:\\\/\\\/schema.org\",\"@graph\":[{\"@type\":\"WebPage\",\"@id\":\"https:\\\/\\\/salgadosgolf.com\\\/dining\",\"url\":\"https:\\\/\\\/salgadosgolf.com\\\/dining\",\"name\":\"Dining - Salgados Golf\",\"isPartOf\":{\"@id\":\"https:\\\/\\\/salgadosgolf.com\\\/#website\"},\"primaryImageOfPage\":{\"@id\":\"https:\\\/\\\/salgadosgolf.com\\\/dining#primaryimage\"},\"image\":{\"@id\":\"https:\\\/\\\/salgadosgolf.com\\\/dining#primaryimage\"},\"thumbnailUrl\":\"https:\\\/\\\/salgadosgolf.com\\\/wp-content\\\/uploads\\\/2024\\\/01\\\/Dinning.jpg\",\"datePublished\":\"2023-12-04T16:22:57+00:00\",\"dateModified\":\"2026-04-20T15:37:18+00:00\",\"breadcrumb\":{\"@id\":\"https:\\\/\\\/salgadosgolf.com\\\/dining#breadcrumb\"},\"inLanguage\":\"pt-PT\",\"potentialAction\":[{\"@type\":\"ReadAction\",\"target\":[\"https:\\\/\\\/salgadosgolf.com\\\/dining\"]}]},{\"@type\":\"ImageObject\",\"inLanguage\":\"pt-PT\",\"@id\":\"https:\\\/\\\/salgadosgolf.com\\\/dining#primaryimage\",\"url\":\"https:\\\/\\\/salgadosgolf.com\\\/wp-content\\\/uploads\\\/2024\\\/01\\\/Dinning.jpg\",\"contentUrl\":\"https:\\\/\\\/salgadosgolf.com\\\/wp-content\\\/uploads\\\/2024\\\/01\\\/Dinning.jpg\",\"width\":2000,\"height\":520},{\"@type\":\"BreadcrumbList\",\"@id\":\"https:\\\/\\\/salgadosgolf.com\\\/dining#breadcrumb\",\"itemListElement\":[{\"@type\":\"ListItem\",\"position\":1,\"name\":\"Portada\",\"item\":\"https:\\\/\\\/salgadosgolf.com\\\/\"},{\"@type\":\"ListItem\",\"position\":2,\"name\":\"Dining\"}]},{\"@type\":\"WebSite\",\"@id\":\"https:\\\/\\\/salgadosgolf.com\\\/#website\",\"url\":\"https:\\\/\\\/salgadosgolf.com\\\/\",\"name\":\"Salgados Golf\",\"description\":\"Salgados Golf\",\"publisher\":{\"@id\":\"https:\\\/\\\/salgadosgolf.com\\\/#organization\"},\"potentialAction\":[{\"@type\":\"SearchAction\",\"target\":{\"@type\":\"EntryPoint\",\"urlTemplate\":\"https:\\\/\\\/salgadosgolf.com\\\/?s={search_term_string}\"},\"query-input\":{\"@type\":\"PropertyValueSpecification\",\"valueRequired\":true,\"valueName\":\"search_term_string\"}}],\"inLanguage\":\"pt-PT\"},{\"@type\":\"Organization\",\"@id\":\"https:\\\/\\\/salgadosgolf.com\\\/#organization\",\"name\":\"Salgados Golf\",\"url\":\"https:\\\/\\\/salgadosgolf.com\\\/\",\"logo\":{\"@type\":\"ImageObject\",\"inLanguage\":\"pt-PT\",\"@id\":\"https:\\\/\\\/salgadosgolf.com\\\/#\\\/schema\\\/logo\\\/image\\\/\",\"url\":\"https:\\\/\\\/salgadosgolf.com\\\/wp-content\\\/uploads\\\/2023\\\/12\\\/Salgados-Logo-white.svg\",\"contentUrl\":\"https:\\\/\\\/salgadosgolf.com\\\/wp-content\\\/uploads\\\/2023\\\/12\\\/Salgados-Logo-white.svg\",\"width\":214,\"height\":200,\"caption\":\"Salgados Golf\"},\"image\":{\"@id\":\"https:\\\/\\\/salgadosgolf.com\\\/#\\\/schema\\\/logo\\\/image\\\/\"}}]}<\/script>\n<!-- \/ Yoast SEO plugin. -->","yoast_head_json":{"title":"Dining - Salgados Golf","robots":{"index":"index","follow":"follow","max-snippet":"max-snippet:-1","max-image-preview":"max-image-preview:large","max-video-preview":"max-video-preview:-1"},"canonical":"https:\/\/salgadosgolf.com\/pt\/dining\/","og_locale":"pt_PT","og_type":"article","og_title":"Dining - Salgados Golf","og_description":"Clubhouse Dining at Salgados Golf Club &#8211; Eating in the Algarve After your round at one of the best golf courses in the Algarve, refuel and relax at the Salgados [&hellip;]","og_url":"https:\/\/salgadosgolf.com\/pt\/dining\/","og_site_name":"Salgados Golf","article_modified_time":"2026-04-20T15:37:18+00:00","og_image":[{"width":2000,"height":520,"url":"https:\/\/salgadosgolf.com\/wp-content\/uploads\/2024\/01\/Dinning.jpg","type":"image\/jpeg"}],"twitter_card":"summary_large_image","twitter_misc":{"Tempo estimado de leitura":"1 minuto"},"schema":{"@context":"https:\/\/schema.org","@graph":[{"@type":"WebPage","@id":"https:\/\/salgadosgolf.com\/dining","url":"https:\/\/salgadosgolf.com\/dining","name":"Dining - Salgados Golf","isPartOf":{"@id":"https:\/\/salgadosgolf.com\/#website"},"primaryImageOfPage":{"@id":"https:\/\/salgadosgolf.com\/dining#primaryimage"},"image":{"@id":"https:\/\/salgadosgolf.com\/dining#primaryimage"},"thumbnailUrl":"https:\/\/salgadosgolf.com\/wp-content\/uploads\/2024\/01\/Dinning.jpg","datePublished":"2023-12-04T16:22:57+00:00","dateModified":"2026-04-20T15:37:18+00:00","breadcrumb":{"@id":"https:\/\/salgadosgolf.com\/dining#breadcrumb"},"inLanguage":"pt-PT","potentialAction":[{"@type":"ReadAction","target":["https:\/\/salgadosgolf.com\/dining"]}]},{"@type":"ImageObject","inLanguage":"pt-PT","@id":"https:\/\/salgadosgolf.com\/dining#primaryimage","url":"https:\/\/salgadosgolf.com\/wp-content\/uploads\/2024\/01\/Dinning.jpg","contentUrl":"https:\/\/salgadosgolf.com\/wp-content\/uploads\/2024\/01\/Dinning.jpg","width":2000,"height":520},{"@type":"BreadcrumbList","@id":"https:\/\/salgadosgolf.com\/dining#breadcrumb","itemListElement":[{"@type":"ListItem","position":1,"name":"Portada","item":"https:\/\/salgadosgolf.com\/"},{"@type":"ListItem","position":2,"name":"Dining"}]},{"@type":"WebSite","@id":"https:\/\/salgadosgolf.com\/#website","url":"https:\/\/salgadosgolf.com\/","name":"Salgados Golf","description":"Salgados Golf","publisher":{"@id":"https:\/\/salgadosgolf.com\/#organization"},"potentialAction":[{"@type":"SearchAction","target":{"@type":"EntryPoint","urlTemplate":"https:\/\/salgadosgolf.com\/?s={search_term_string}"},"query-input":{"@type":"PropertyValueSpecification","valueRequired":true,"valueName":"search_term_string"}}],"inLanguage":"pt-PT"},{"@type":"Organization","@id":"https:\/\/salgadosgolf.com\/#organization","name":"Salgados Golf","url":"https:\/\/salgadosgolf.com\/","logo":{"@type":"ImageObject","inLanguage":"pt-PT","@id":"https:\/\/salgadosgolf.com\/#\/schema\/logo\/image\/","url":"https:\/\/salgadosgolf.com\/wp-content\/uploads\/2023\/12\/Salgados-Logo-white.svg","contentUrl":"https:\/\/salgadosgolf.com\/wp-content\/uploads\/2023\/12\/Salgados-Logo-white.svg","width":214,"height":200,"caption":"Salgados Golf"},"image":{"@id":"https:\/\/salgadosgolf.com\/#\/schema\/logo\/image\/"}}]}},"_links":{"self":[{"href":"https:\/\/salgadosgolf.com\/pt\/wp-json\/wp\/v2\/pages\/149","targetHints":{"allow":["GET"]}}],"collection":[{"href":"https:\/\/salgadosgolf.com\/pt\/wp-json\/wp\/v2\/pages"}],"about":[{"href":"https:\/\/salgadosgolf.com\/pt\/wp-json\/wp\/v2\/types\/page"}],"author":[{"embeddable":true,"href":"https:\/\/salgadosgolf.com\/pt\/wp-json\/wp\/v2\/users\/3"}],"replies":[{"embeddable":true,"href":"https:\/\/salgadosgolf.com\/pt\/wp-json\/wp\/v2\/comments?post=149"}],"version-history":[{"count":63,"href":"https:\/\/salgadosgolf.com\/pt\/wp-json\/wp\/v2\/pages\/149\/revisions"}],"predecessor-version":[{"id":2662,"href":"https:\/\/salgadosgolf.com\/pt\/wp-json\/wp\/v2\/pages\/149\/revisions\/2662"}],"wp:featuredmedia":[{"embeddable":true,"href":"https:\/\/salgadosgolf.com\/pt\/wp-json\/wp\/v2\/media\/1485"}],"wp:attachment":[{"href":"https:\/\/salgadosgolf.com\/pt\/wp-json\/wp\/v2\/media?parent=149"}],"curies":[{"name":"wp","href":"https:\/\/api.w.org\/{rel}","templated":true}]}}