{"id":143,"date":"2023-12-05T10:40:53","date_gmt":"2023-12-05T10:40:53","guid":{"rendered":"https:\/\/salgadosgolf.com\/?page_id=143"},"modified":"2024-01-22T16:15:57","modified_gmt":"2024-01-22T16:15:57","slug":"troon","status":"publish","type":"page","link":"https:\/\/salgadosgolf.com\/pt\/troon","title":{"rendered":"Sobre a Troon"},"content":{"rendered":"<div data-elementor-type=\"wp-page\" data-elementor-id=\"143\" class=\"elementor elementor-143\" data-elementor-post-type=\"page\">\n\t\t\t\t<div class=\"elementor-element elementor-element-a3fcdcb e-con-full e-flex e-con e-parent\" data-id=\"a3fcdcb\" data-element_type=\"container\" data-e-type=\"container\" data-settings=\"{&quot;background_background&quot;:&quot;classic&quot;}\">\n\t\t\t\t<\/div>\n\t\t<div class=\"elementor-element elementor-element-ec1a7b5 e-flex e-con-boxed e-con e-parent\" data-id=\"ec1a7b5\" data-element_type=\"container\" data-e-type=\"container\" data-settings=\"{&quot;background_background&quot;:&quot;classic&quot;}\">\n\t\t\t\t\t<div class=\"e-con-inner\">\n\t\t\t\t<div class=\"elementor-element elementor-element-d25d7c0 elementor-widget elementor-widget-text-editor\" data-id=\"d25d7c0\" data-element_type=\"widget\" data-e-type=\"widget\" data-widget_type=\"text-editor.default\">\n\t\t\t\t<div class=\"elementor-widget-container\">\n\t\t\t\t\t\t\t\t\tJogue nas melhores superf\u00edcies de jogo, experimente um servi\u00e7o ao cliente incr\u00edvel, desfrute de comodidades incompar\u00e1veis e delicie-se com refei\u00e7\u00f5es requintadas.\t\t\t\t\t\t\t\t<\/div>\n\t\t\t\t<\/div>\n\t\t\t\t\t<\/div>\n\t\t\t\t<\/div>\n\t\t<div class=\"elementor-element elementor-element-6cb4274 e-flex e-con-boxed e-con e-parent\" data-id=\"6cb4274\" data-element_type=\"container\" data-e-type=\"container\">\n\t\t\t\t\t<div class=\"e-con-inner\">\n\t\t<div class=\"elementor-element elementor-element-fbe0173 e-con-full e-flex e-con e-child\" data-id=\"fbe0173\" data-element_type=\"container\" data-e-type=\"container\">\n\t\t\t\t<div class=\"elementor-element elementor-element-3baafe7 elementor-widget elementor-widget-video\" data-id=\"3baafe7\" data-element_type=\"widget\" data-e-type=\"widget\" data-settings=\"{&quot;youtube_url&quot;:&quot;https:\\\/\\\/www.youtube.com\\\/watch?v=qqUomYhEPas&quot;,&quot;video_type&quot;:&quot;youtube&quot;,&quot;controls&quot;:&quot;yes&quot;}\" data-widget_type=\"video.default\">\n\t\t\t\t<div class=\"elementor-widget-container\">\n\t\t\t\t\t\t\t<div class=\"elementor-wrapper elementor-open-inline\">\n\t\t\t<div class=\"elementor-video\"><\/div>\t\t<\/div>\n\t\t\t\t\t\t<\/div>\n\t\t\t\t<\/div>\n\t\t\t\t<\/div>\n\t\t<div class=\"elementor-element elementor-element-d4d1787 e-con-full e-flex e-con e-child\" data-id=\"d4d1787\" data-element_type=\"container\" data-e-type=\"container\">\n\t\t\t\t<div class=\"elementor-element elementor-element-5f25b08 elementor-widget elementor-widget-heading\" data-id=\"5f25b08\" data-element_type=\"widget\" data-e-type=\"widget\" data-widget_type=\"heading.default\">\n\t\t\t\t<div class=\"elementor-widget-container\">\n\t\t\t\t\t<h2 class=\"elementor-heading-title elementor-size-default\">Experimente o mundo da Troon\u00ae nas melhores propriedades do planeta.<\/h2>\t\t\t\t<\/div>\n\t\t\t\t<\/div>\n\t\t\t\t<div class=\"elementor-element elementor-element-2348e11 elementor-widget elementor-widget-text-editor\" data-id=\"2348e11\" data-element_type=\"widget\" data-e-type=\"widget\" data-widget_type=\"text-editor.default\">\n\t\t\t\t<div class=\"elementor-widget-container\">\n\t\t\t\t\t\t\t\t\tO nosso objetivo \u00e9 criar experi\u00eancias extraordin\u00e1rias para h\u00f3spedes e membros atrav\u00e9s de um servi\u00e7o personalizado, consist\u00eancia e aten\u00e7\u00e3o intransigente aos detalhes. Queremos superar as suas expectativas sempre que for nosso h\u00f3spede.\nA presen\u00e7a global da Troon International em resorts de classe mundial, clubes privados e semiprivados abrange um amplo espectro de culturas e destinos.\t\t\t\t\t\t\t\t<\/div>\n\t\t\t\t<\/div>\n\t\t\t\t<div class=\"elementor-element elementor-element-1b96881 elementor-hidden-desktop elementor-hidden-tablet elementor-hidden-mobile elementor-widget elementor-widget-text-editor\" data-id=\"1b96881\" data-element_type=\"widget\" data-e-type=\"widget\" data-widget_type=\"text-editor.default\">\n\t\t\t\t<div class=\"elementor-widget-container\">\n\t\t\t\t\t\t\t\t\t<p>Troon Golf\u00ae represents a portfolio of daily-fee, resort and semi-private properties that deliver superior guest services, the finest playing surfaces, and outstanding amenities. With clubs located across the globe, Troon Golf facilities are synonymous with quality and consistency, with an uncompromising attention to detail, and a pursuit for perfection in overall guest satisfaction.<\/p><p>Play on the finest playing surfaces, experience incredible guest service, enjoy unmatched amenities and take pleasure in exquisite dining. Experience the world of Troon Golf at the greatest golf properties in the world the next time you play one of our luxury golf courses!<\/p>\t\t\t\t\t\t\t\t<\/div>\n\t\t\t\t<\/div>\n\t\t\t\t<\/div>\n\t\t\t\t\t<\/div>\n\t\t\t\t<\/div>\n\t\t<div class=\"elementor-element elementor-element-fe2a78c e-flex e-con-boxed e-con e-parent\" data-id=\"fe2a78c\" data-element_type=\"container\" data-e-type=\"container\" data-settings=\"{&quot;background_background&quot;:&quot;classic&quot;}\">\n\t\t\t\t\t<div class=\"e-con-inner\">\n\t\t\t\t<div class=\"elementor-element elementor-element-7ef8e48 elementor-widget elementor-widget-image\" data-id=\"7ef8e48\" data-element_type=\"widget\" data-e-type=\"widget\" data-widget_type=\"image.default\">\n\t\t\t\t<div class=\"elementor-widget-container\">\n\t\t\t\t\t\t\t\t\t\t\t\t\t\t\t\t<a href=\"https:\/\/www.troon.com\/family-of-brands\/troon-international\/\" target=\"_blank\">\n\t\t\t\t\t\t\t<img decoding=\"async\" width=\"299\" height=\"90\" src=\"https:\/\/salgadosgolf.com\/wp-content\/uploads\/2023\/12\/TROON-brands.webp\" class=\"attachment-large size-large wp-image-267\" alt=\"\" \/>\t\t\t\t\t\t\t\t<\/a>\n\t\t\t\t\t\t\t\t\t\t\t\t\t\t\t<\/div>\n\t\t\t\t<\/div>\n\t\t\t\t\t<\/div>\n\t\t\t\t<\/div>\n\t\t<div class=\"elementor-element elementor-element-0ef2917 e-flex e-con-boxed e-con e-parent\" data-id=\"0ef2917\" data-element_type=\"container\" data-e-type=\"container\">\n\t\t\t\t\t<div class=\"e-con-inner\">\n\t\t<div class=\"elementor-element elementor-element-4a097b6 e-con-full e-flex e-con e-child\" data-id=\"4a097b6\" data-element_type=\"container\" data-e-type=\"container\">\n\t\t\t\t<div class=\"elementor-element elementor-element-feb9d97 elementor-widget elementor-widget-heading\" data-id=\"feb9d97\" data-element_type=\"widget\" data-e-type=\"widget\" data-widget_type=\"heading.default\">\n\t\t\t\t<div class=\"elementor-widget-container\">\n\t\t\t\t\t<h2 class=\"elementor-heading-title elementor-size-default\">Troon Rewards<\/h2>\t\t\t\t<\/div>\n\t\t\t\t<\/div>\n\t\t\t\t<div class=\"elementor-element elementor-element-cb12b6f elementor-widget elementor-widget-text-editor\" data-id=\"cb12b6f\" data-element_type=\"widget\" data-e-type=\"widget\" data-widget_type=\"text-editor.default\">\n\t\t\t\t<div class=\"elementor-widget-container\">\n\t\t\t\t\t\t\t\t\t<p>Comece a ganhar RODADAS GR\u00c1TIS de golfe e obtenha STATUS nas instala\u00e7\u00f5es da Troon em todo o mundo! Inscreva-se no Troon Rewards\u00ae para ganhar rodadas gr\u00e1tis de golfe e descontos em mercadorias e taxas de golfe. Al\u00e9m disso, receba ofertas especiais, acesso a eventos exclusivos e promo\u00e7\u00f5es da Callaway\u00ae. Quanto mais jogar, mais poupa!<\/p><p><strong>Inscreva-se na loja de golfe ou clicando abaixo e comece hoje mesmo!<\/strong><\/p>\t\t\t\t\t\t\t\t<\/div>\n\t\t\t\t<\/div>\n\t\t\t\t<div class=\"elementor-element elementor-element-04bbafb elementor-widget elementor-widget-button\" data-id=\"04bbafb\" data-element_type=\"widget\" data-e-type=\"widget\" data-widget_type=\"button.default\">\n\t\t\t\t<div class=\"elementor-widget-container\">\n\t\t\t\t\t\t\t\t\t<div class=\"elementor-button-wrapper\">\n\t\t\t\t\t<a class=\"elementor-button elementor-button-link elementor-size-sm elementor-animation-pop\" href=\"https:\/\/www.troon.com\/troon-golf-rewards-program\/\" target=\"_blank\">\n\t\t\t\t\t\t<span class=\"elementor-button-content-wrapper\">\n\t\t\t\t\t\t\t\t\t<span class=\"elementor-button-text\">Saiba mais sobre o programa Troon Rewards<\/span>\n\t\t\t\t\t<\/span>\n\t\t\t\t\t<\/a>\n\t\t\t\t<\/div>\n\t\t\t\t\t\t\t\t<\/div>\n\t\t\t\t<\/div>\n\t\t\t\t<\/div>\n\t\t<div class=\"elementor-element elementor-element-b9a7e71 e-con-full e-flex e-con e-child\" data-id=\"b9a7e71\" data-element_type=\"container\" data-e-type=\"container\">\n\t\t\t\t<div class=\"elementor-element elementor-element-7a409f5 elementor-widget elementor-widget-video\" data-id=\"7a409f5\" data-element_type=\"widget\" data-e-type=\"widget\" data-settings=\"{&quot;youtube_url&quot;:&quot;https:\\\/\\\/www.youtube.com\\\/watch?v=jUsRNiDEMTo&amp;t=5s&quot;,&quot;video_type&quot;:&quot;youtube&quot;,&quot;controls&quot;:&quot;yes&quot;}\" data-widget_type=\"video.default\">\n\t\t\t\t<div class=\"elementor-widget-container\">\n\t\t\t\t\t\t\t<div class=\"elementor-wrapper elementor-open-inline\">\n\t\t\t<div class=\"elementor-video\"><\/div>\t\t<\/div>\n\t\t\t\t\t\t<\/div>\n\t\t\t\t<\/div>\n\t\t\t\t<\/div>\n\t\t\t\t\t<\/div>\n\t\t\t\t<\/div>\n\t\t\t\t<\/div>","protected":false},"excerpt":{"rendered":"<p>Play on the finest playing surfaces, experience incredible guest service, enjoy unmatched amenities and take pleasure in exquisite dining.https:\/\/www.youtube.com\/watch?v=qqUomYhEPas Experience the world of Troon\u00ae at the finest properties on the [&hellip;]<\/p>\n","protected":false},"author":3,"featured_media":897,"parent":0,"menu_order":0,"comment_status":"closed","ping_status":"closed","template":"","meta":{"_acf_changed":false,"footnotes":""},"class_list":["post-143","page","type-page","status-publish","has-post-thumbnail","hentry"],"acf":[],"yoast_head":"<!-- This site is optimized with the Yoast SEO plugin v27.4 - https:\/\/yoast.com\/product\/yoast-seo-wordpress\/ -->\n<title>About Troon - Salgados Golf<\/title>\n<meta name=\"robots\" content=\"index, follow, max-snippet:-1, max-image-preview:large, max-video-preview:-1\" \/>\n<link rel=\"canonical\" href=\"https:\/\/salgadosgolf.com\/pt\/troon\/\" \/>\n<meta property=\"og:locale\" content=\"pt_PT\" \/>\n<meta property=\"og:type\" content=\"article\" \/>\n<meta property=\"og:title\" content=\"About Troon - Salgados Golf\" \/>\n<meta property=\"og:description\" content=\"Play on the finest playing surfaces, experience incredible guest service, enjoy unmatched amenities and take pleasure in exquisite dining.https:\/\/www.youtube.com\/watch?v=qqUomYhEPas Experience the world of Troon\u00ae at the finest properties on the [&hellip;]\" \/>\n<meta property=\"og:url\" content=\"https:\/\/salgadosgolf.com\/pt\/troon\/\" \/>\n<meta property=\"og:site_name\" content=\"Salgados Golf\" \/>\n<meta property=\"article:modified_time\" content=\"2024-01-22T16:15:57+00:00\" \/>\n<meta property=\"og:image\" content=\"https:\/\/salgadosgolf.com\/wp-content\/uploads\/2023\/12\/Troon-international.jpg\" \/>\n\t<meta property=\"og:image:width\" content=\"1920\" \/>\n\t<meta property=\"og:image:height\" content=\"1000\" \/>\n\t<meta property=\"og:image:type\" content=\"image\/jpeg\" \/>\n<meta name=\"twitter:card\" content=\"summary_large_image\" \/>\n<meta name=\"twitter:label1\" content=\"Tempo estimado de leitura\" \/>\n\t<meta name=\"twitter:data1\" content=\"2 minutos\" \/>\n<script type=\"application\/ld+json\" class=\"yoast-schema-graph\">{\"@context\":\"https:\\\/\\\/schema.org\",\"@graph\":[{\"@type\":\"WebPage\",\"@id\":\"https:\\\/\\\/salgadosgolf.com\\\/troon\",\"url\":\"https:\\\/\\\/salgadosgolf.com\\\/troon\",\"name\":\"About Troon - Salgados Golf\",\"isPartOf\":{\"@id\":\"https:\\\/\\\/salgadosgolf.com\\\/#website\"},\"primaryImageOfPage\":{\"@id\":\"https:\\\/\\\/salgadosgolf.com\\\/troon#primaryimage\"},\"image\":{\"@id\":\"https:\\\/\\\/salgadosgolf.com\\\/troon#primaryimage\"},\"thumbnailUrl\":\"https:\\\/\\\/salgadosgolf.com\\\/wp-content\\\/uploads\\\/2023\\\/12\\\/Troon-international.jpg\",\"datePublished\":\"2023-12-05T10:40:53+00:00\",\"dateModified\":\"2024-01-22T16:15:57+00:00\",\"breadcrumb\":{\"@id\":\"https:\\\/\\\/salgadosgolf.com\\\/troon#breadcrumb\"},\"inLanguage\":\"pt-PT\",\"potentialAction\":[{\"@type\":\"ReadAction\",\"target\":[\"https:\\\/\\\/salgadosgolf.com\\\/troon\"]}]},{\"@type\":\"ImageObject\",\"inLanguage\":\"pt-PT\",\"@id\":\"https:\\\/\\\/salgadosgolf.com\\\/troon#primaryimage\",\"url\":\"https:\\\/\\\/salgadosgolf.com\\\/wp-content\\\/uploads\\\/2023\\\/12\\\/Troon-international.jpg\",\"contentUrl\":\"https:\\\/\\\/salgadosgolf.com\\\/wp-content\\\/uploads\\\/2023\\\/12\\\/Troon-international.jpg\",\"width\":1920,\"height\":1000},{\"@type\":\"BreadcrumbList\",\"@id\":\"https:\\\/\\\/salgadosgolf.com\\\/troon#breadcrumb\",\"itemListElement\":[{\"@type\":\"ListItem\",\"position\":1,\"name\":\"Portada\",\"item\":\"https:\\\/\\\/salgadosgolf.com\\\/\"},{\"@type\":\"ListItem\",\"position\":2,\"name\":\"About Troon\"}]},{\"@type\":\"WebSite\",\"@id\":\"https:\\\/\\\/salgadosgolf.com\\\/#website\",\"url\":\"https:\\\/\\\/salgadosgolf.com\\\/\",\"name\":\"Salgados Golf\",\"description\":\"Salgados Golf\",\"publisher\":{\"@id\":\"https:\\\/\\\/salgadosgolf.com\\\/#organization\"},\"potentialAction\":[{\"@type\":\"SearchAction\",\"target\":{\"@type\":\"EntryPoint\",\"urlTemplate\":\"https:\\\/\\\/salgadosgolf.com\\\/?s={search_term_string}\"},\"query-input\":{\"@type\":\"PropertyValueSpecification\",\"valueRequired\":true,\"valueName\":\"search_term_string\"}}],\"inLanguage\":\"pt-PT\"},{\"@type\":\"Organization\",\"@id\":\"https:\\\/\\\/salgadosgolf.com\\\/#organization\",\"name\":\"Salgados Golf\",\"url\":\"https:\\\/\\\/salgadosgolf.com\\\/\",\"logo\":{\"@type\":\"ImageObject\",\"inLanguage\":\"pt-PT\",\"@id\":\"https:\\\/\\\/salgadosgolf.com\\\/#\\\/schema\\\/logo\\\/image\\\/\",\"url\":\"https:\\\/\\\/salgadosgolf.com\\\/wp-content\\\/uploads\\\/2023\\\/12\\\/Salgados-Logo-white.svg\",\"contentUrl\":\"https:\\\/\\\/salgadosgolf.com\\\/wp-content\\\/uploads\\\/2023\\\/12\\\/Salgados-Logo-white.svg\",\"width\":214,\"height\":200,\"caption\":\"Salgados Golf\"},\"image\":{\"@id\":\"https:\\\/\\\/salgadosgolf.com\\\/#\\\/schema\\\/logo\\\/image\\\/\"}}]}<\/script>\n<!-- \/ Yoast SEO plugin. -->","yoast_head_json":{"title":"About Troon - Salgados Golf","robots":{"index":"index","follow":"follow","max-snippet":"max-snippet:-1","max-image-preview":"max-image-preview:large","max-video-preview":"max-video-preview:-1"},"canonical":"https:\/\/salgadosgolf.com\/pt\/troon\/","og_locale":"pt_PT","og_type":"article","og_title":"About Troon - Salgados Golf","og_description":"Play on the finest playing surfaces, experience incredible guest service, enjoy unmatched amenities and take pleasure in exquisite dining.https:\/\/www.youtube.com\/watch?v=qqUomYhEPas Experience the world of Troon\u00ae at the finest properties on the [&hellip;]","og_url":"https:\/\/salgadosgolf.com\/pt\/troon\/","og_site_name":"Salgados Golf","article_modified_time":"2024-01-22T16:15:57+00:00","og_image":[{"width":1920,"height":1000,"url":"https:\/\/salgadosgolf.com\/wp-content\/uploads\/2023\/12\/Troon-international.jpg","type":"image\/jpeg"}],"twitter_card":"summary_large_image","twitter_misc":{"Tempo estimado de leitura":"2 minutos"},"schema":{"@context":"https:\/\/schema.org","@graph":[{"@type":"WebPage","@id":"https:\/\/salgadosgolf.com\/troon","url":"https:\/\/salgadosgolf.com\/troon","name":"About Troon - Salgados Golf","isPartOf":{"@id":"https:\/\/salgadosgolf.com\/#website"},"primaryImageOfPage":{"@id":"https:\/\/salgadosgolf.com\/troon#primaryimage"},"image":{"@id":"https:\/\/salgadosgolf.com\/troon#primaryimage"},"thumbnailUrl":"https:\/\/salgadosgolf.com\/wp-content\/uploads\/2023\/12\/Troon-international.jpg","datePublished":"2023-12-05T10:40:53+00:00","dateModified":"2024-01-22T16:15:57+00:00","breadcrumb":{"@id":"https:\/\/salgadosgolf.com\/troon#breadcrumb"},"inLanguage":"pt-PT","potentialAction":[{"@type":"ReadAction","target":["https:\/\/salgadosgolf.com\/troon"]}]},{"@type":"ImageObject","inLanguage":"pt-PT","@id":"https:\/\/salgadosgolf.com\/troon#primaryimage","url":"https:\/\/salgadosgolf.com\/wp-content\/uploads\/2023\/12\/Troon-international.jpg","contentUrl":"https:\/\/salgadosgolf.com\/wp-content\/uploads\/2023\/12\/Troon-international.jpg","width":1920,"height":1000},{"@type":"BreadcrumbList","@id":"https:\/\/salgadosgolf.com\/troon#breadcrumb","itemListElement":[{"@type":"ListItem","position":1,"name":"Portada","item":"https:\/\/salgadosgolf.com\/"},{"@type":"ListItem","position":2,"name":"About Troon"}]},{"@type":"WebSite","@id":"https:\/\/salgadosgolf.com\/#website","url":"https:\/\/salgadosgolf.com\/","name":"Salgados Golf","description":"Salgados Golf","publisher":{"@id":"https:\/\/salgadosgolf.com\/#organization"},"potentialAction":[{"@type":"SearchAction","target":{"@type":"EntryPoint","urlTemplate":"https:\/\/salgadosgolf.com\/?s={search_term_string}"},"query-input":{"@type":"PropertyValueSpecification","valueRequired":true,"valueName":"search_term_string"}}],"inLanguage":"pt-PT"},{"@type":"Organization","@id":"https:\/\/salgadosgolf.com\/#organization","name":"Salgados Golf","url":"https:\/\/salgadosgolf.com\/","logo":{"@type":"ImageObject","inLanguage":"pt-PT","@id":"https:\/\/salgadosgolf.com\/#\/schema\/logo\/image\/","url":"https:\/\/salgadosgolf.com\/wp-content\/uploads\/2023\/12\/Salgados-Logo-white.svg","contentUrl":"https:\/\/salgadosgolf.com\/wp-content\/uploads\/2023\/12\/Salgados-Logo-white.svg","width":214,"height":200,"caption":"Salgados Golf"},"image":{"@id":"https:\/\/salgadosgolf.com\/#\/schema\/logo\/image\/"}}]}},"_links":{"self":[{"href":"https:\/\/salgadosgolf.com\/pt\/wp-json\/wp\/v2\/pages\/143","targetHints":{"allow":["GET"]}}],"collection":[{"href":"https:\/\/salgadosgolf.com\/pt\/wp-json\/wp\/v2\/pages"}],"about":[{"href":"https:\/\/salgadosgolf.com\/pt\/wp-json\/wp\/v2\/types\/page"}],"author":[{"embeddable":true,"href":"https:\/\/salgadosgolf.com\/pt\/wp-json\/wp\/v2\/users\/3"}],"replies":[{"embeddable":true,"href":"https:\/\/salgadosgolf.com\/pt\/wp-json\/wp\/v2\/comments?post=143"}],"version-history":[{"count":69,"href":"https:\/\/salgadosgolf.com\/pt\/wp-json\/wp\/v2\/pages\/143\/revisions"}],"predecessor-version":[{"id":1356,"href":"https:\/\/salgadosgolf.com\/pt\/wp-json\/wp\/v2\/pages\/143\/revisions\/1356"}],"wp:featuredmedia":[{"embeddable":true,"href":"https:\/\/salgadosgolf.com\/pt\/wp-json\/wp\/v2\/media\/897"}],"wp:attachment":[{"href":"https:\/\/salgadosgolf.com\/pt\/wp-json\/wp\/v2\/media?parent=143"}],"curies":[{"name":"wp","href":"https:\/\/api.w.org\/{rel}","templated":true}]}}