{"id":139,"date":"2023-12-04T16:21:53","date_gmt":"2023-12-04T16:21:53","guid":{"rendered":"https:\/\/salgadosgolf.com\/?page_id=139"},"modified":"2025-04-17T20:33:11","modified_gmt":"2025-04-17T19:33:11","slug":"golf-shop","status":"publish","type":"page","link":"https:\/\/salgadosgolf.com\/pt\/golf-shop","title":{"rendered":"Loja"},"content":{"rendered":"<div data-elementor-type=\"wp-page\" data-elementor-id=\"139\" class=\"elementor elementor-139\" data-elementor-post-type=\"page\">\n\t\t\t\t<div class=\"elementor-element elementor-element-53807ac e-con-full e-flex e-con e-parent\" data-id=\"53807ac\" data-element_type=\"container\" data-e-type=\"container\" data-settings=\"{&quot;background_background&quot;:&quot;classic&quot;}\">\n\t\t\t\t<div class=\"elementor-element elementor-element-a374994 elementor-widget elementor-widget-global elementor-global-447 elementor-widget-button\" data-id=\"a374994\" data-element_type=\"widget\" data-e-type=\"widget\" data-widget_type=\"button.default\">\n\t\t\t\t<div class=\"elementor-widget-container\">\n\t\t\t\t\t\t\t\t\t<div class=\"elementor-button-wrapper\">\n\t\t\t\t\t<a class=\"elementor-button elementor-button-link elementor-size-sm elementor-animation-pop\" href=\"https:\/\/salgadosgolf.com\/pt\/book-tee-times\/\">\n\t\t\t\t\t\t<span class=\"elementor-button-content-wrapper\">\n\t\t\t\t\t\t\t\t\t<span class=\"elementor-button-text\">Book tee times<\/span>\n\t\t\t\t\t<\/span>\n\t\t\t\t\t<\/a>\n\t\t\t\t<\/div>\n\t\t\t\t\t\t\t\t<\/div>\n\t\t\t\t<\/div>\n\t\t\t\t<\/div>\n\t\t<div class=\"elementor-element elementor-element-f06d203 e-flex e-con-boxed e-con e-parent\" data-id=\"f06d203\" data-element_type=\"container\" data-e-type=\"container\">\n\t\t\t\t\t<div class=\"e-con-inner\">\n\t\t<div class=\"elementor-element elementor-element-3a12039 e-con-full e-flex e-con e-child\" data-id=\"3a12039\" data-element_type=\"container\" data-e-type=\"container\">\n\t\t\t\t<div class=\"elementor-element elementor-element-d822982 elementor-widget elementor-widget-image\" data-id=\"d822982\" data-element_type=\"widget\" data-e-type=\"widget\" data-widget_type=\"image.default\">\n\t\t\t\t<div class=\"elementor-widget-container\">\n\t\t\t\t\t\t\t\t\t\t\t\t\t\t\t<img fetchpriority=\"high\" decoding=\"async\" width=\"800\" height=\"450\" src=\"https:\/\/salgadosgolf.com\/wp-content\/uploads\/2025\/04\/1-1024x576.jpg\" class=\"attachment-large size-large wp-image-1888\" alt=\"Golf Shop\" srcset=\"https:\/\/salgadosgolf.com\/wp-content\/uploads\/2025\/04\/1-1024x576.jpg 1024w, https:\/\/salgadosgolf.com\/wp-content\/uploads\/2025\/04\/1-300x169.jpg 300w, https:\/\/salgadosgolf.com\/wp-content\/uploads\/2025\/04\/1-768x432.jpg 768w, https:\/\/salgadosgolf.com\/wp-content\/uploads\/2025\/04\/1-1536x864.jpg 1536w, https:\/\/salgadosgolf.com\/wp-content\/uploads\/2025\/04\/1.jpg 1920w\" sizes=\"(max-width: 800px) 100vw, 800px\" \/>\t\t\t\t\t\t\t\t\t\t\t\t\t\t\t<\/div>\n\t\t\t\t<\/div>\n\t\t\t\t<\/div>\n\t\t<div class=\"elementor-element elementor-element-564a8d6 e-con-full e-flex e-con e-child\" data-id=\"564a8d6\" data-element_type=\"container\" data-e-type=\"container\">\n\t\t\t\t<div class=\"elementor-element elementor-element-ae2c6e1 elementor-widget elementor-widget-heading\" data-id=\"ae2c6e1\" data-element_type=\"widget\" data-e-type=\"widget\" data-widget_type=\"heading.default\">\n\t\t\t\t<div class=\"elementor-widget-container\">\n\t\t\t\t\t<h2 class=\"elementor-heading-title elementor-size-default\">Loja de golfe no Salgados Golf Club Equipamento e acess\u00f3rios premium de golfe<\/h2>\t\t\t\t<\/div>\n\t\t\t\t<\/div>\n\t\t\t\t<div class=\"elementor-element elementor-element-5997c0f elementor-widget elementor-widget-text-editor\" data-id=\"5997c0f\" data-element_type=\"widget\" data-e-type=\"widget\" data-widget_type=\"text-editor.default\">\n\t\t\t\t<div class=\"elementor-widget-container\">\n\t\t\t\t\t\t\t\t\t<p>Visite a loja de golfe do Salgados Golf Club para adquirir todos os artigos essenciais para a pr\u00e1tica deste desporto. Convenientemente localizada no clube, a nossa loja de golfe totalmente abastecida oferece uma vasta sele\u00e7\u00e3o de acess\u00f3rios, equipamentos e vestu\u00e1rio de golfe para garantir que est\u00e1 totalmente preparado para a sua partida num dos melhores campos de golfe do Algarve.<\/p><p>Navegue por produtos de alta qualidade das principais marcas de golfe, como Callaway, Ping, Titleist, Nike e Ecco. Se precisa de bolas de golfe, tees, toalhas, bon\u00e9s ou roupas de alto desempenho, a Salgados Golf Shop tem tudo o que precisa para um \u00f3timo dia no campo.<\/p><p>Comece o seu jogo da melhor forma com o melhor equipamento dispon\u00edvel na loja profissional do Salgados Golf Club, onde a qualidade se alia \u00e0 conveni\u00eancia.<\/p>\t\t\t\t\t\t\t\t<\/div>\n\t\t\t\t<\/div>\n\t\t\t\t<\/div>\n\t\t\t\t\t<\/div>\n\t\t\t\t<\/div>\n\t\t<div class=\"elementor-element elementor-element-e710397 e-flex e-con-boxed e-con e-parent\" data-id=\"e710397\" data-element_type=\"container\" data-e-type=\"container\" data-settings=\"{&quot;background_background&quot;:&quot;classic&quot;}\">\n\t\t\t\t\t<div class=\"e-con-inner\">\n\t\t\t\t<div class=\"elementor-element elementor-element-923736c elementor-widget elementor-widget-image\" data-id=\"923736c\" data-element_type=\"widget\" data-e-type=\"widget\" data-widget_type=\"image.default\">\n\t\t\t\t<div class=\"elementor-widget-container\">\n\t\t\t\t\t\t\t\t\t\t\t\t\t\t\t<img decoding=\"async\" width=\"375\" height=\"180\" src=\"https:\/\/salgadosgolf.com\/wp-content\/uploads\/2023\/12\/Callaway-Logo.png\" class=\"attachment-large size-large wp-image-761\" alt=\"\" srcset=\"https:\/\/salgadosgolf.com\/wp-content\/uploads\/2023\/12\/Callaway-Logo.png 375w, https:\/\/salgadosgolf.com\/wp-content\/uploads\/2023\/12\/Callaway-Logo-300x144.png 300w\" sizes=\"(max-width: 375px) 100vw, 375px\" \/>\t\t\t\t\t\t\t\t\t\t\t\t\t\t\t<\/div>\n\t\t\t\t<\/div>\n\t\t\t\t<div class=\"elementor-element elementor-element-96c2a21 elementor-widget elementor-widget-image\" data-id=\"96c2a21\" data-element_type=\"widget\" data-e-type=\"widget\" data-widget_type=\"image.default\">\n\t\t\t\t<div class=\"elementor-widget-container\">\n\t\t\t\t\t\t\t\t\t\t\t\t\t\t\t<img decoding=\"async\" width=\"375\" height=\"180\" src=\"https:\/\/salgadosgolf.com\/wp-content\/uploads\/2023\/12\/Ecco-Logo.png\" class=\"attachment-large size-large wp-image-762\" alt=\"\" srcset=\"https:\/\/salgadosgolf.com\/wp-content\/uploads\/2023\/12\/Ecco-Logo.png 375w, https:\/\/salgadosgolf.com\/wp-content\/uploads\/2023\/12\/Ecco-Logo-300x144.png 300w\" sizes=\"(max-width: 375px) 100vw, 375px\" \/>\t\t\t\t\t\t\t\t\t\t\t\t\t\t\t<\/div>\n\t\t\t\t<\/div>\n\t\t\t\t<div class=\"elementor-element elementor-element-9dafa6a elementor-widget elementor-widget-image\" data-id=\"9dafa6a\" data-element_type=\"widget\" data-e-type=\"widget\" data-widget_type=\"image.default\">\n\t\t\t\t<div class=\"elementor-widget-container\">\n\t\t\t\t\t\t\t\t\t\t\t\t\t\t\t<img loading=\"lazy\" decoding=\"async\" width=\"375\" height=\"180\" src=\"https:\/\/salgadosgolf.com\/wp-content\/uploads\/2023\/12\/Nike-Logo.png\" class=\"attachment-large size-large wp-image-763\" alt=\"\" srcset=\"https:\/\/salgadosgolf.com\/wp-content\/uploads\/2023\/12\/Nike-Logo.png 375w, https:\/\/salgadosgolf.com\/wp-content\/uploads\/2023\/12\/Nike-Logo-300x144.png 300w\" sizes=\"(max-width: 375px) 100vw, 375px\" \/>\t\t\t\t\t\t\t\t\t\t\t\t\t\t\t<\/div>\n\t\t\t\t<\/div>\n\t\t\t\t<div class=\"elementor-element elementor-element-ae8e824 elementor-widget elementor-widget-image\" data-id=\"ae8e824\" data-element_type=\"widget\" data-e-type=\"widget\" data-widget_type=\"image.default\">\n\t\t\t\t<div class=\"elementor-widget-container\">\n\t\t\t\t\t\t\t\t\t\t\t\t\t\t\t<img loading=\"lazy\" decoding=\"async\" width=\"375\" height=\"180\" src=\"https:\/\/salgadosgolf.com\/wp-content\/uploads\/2023\/12\/Ping-Logo.png\" class=\"attachment-large size-large wp-image-764\" alt=\"\" srcset=\"https:\/\/salgadosgolf.com\/wp-content\/uploads\/2023\/12\/Ping-Logo.png 375w, https:\/\/salgadosgolf.com\/wp-content\/uploads\/2023\/12\/Ping-Logo-300x144.png 300w\" sizes=\"(max-width: 375px) 100vw, 375px\" \/>\t\t\t\t\t\t\t\t\t\t\t\t\t\t\t<\/div>\n\t\t\t\t<\/div>\n\t\t\t\t<div class=\"elementor-element elementor-element-f080476 elementor-widget elementor-widget-image\" data-id=\"f080476\" data-element_type=\"widget\" data-e-type=\"widget\" data-widget_type=\"image.default\">\n\t\t\t\t<div class=\"elementor-widget-container\">\n\t\t\t\t\t\t\t\t\t\t\t\t\t\t\t<img loading=\"lazy\" decoding=\"async\" width=\"375\" height=\"180\" src=\"https:\/\/salgadosgolf.com\/wp-content\/uploads\/2023\/12\/Titleist-Logo.png\" class=\"attachment-large size-large wp-image-765\" alt=\"\" srcset=\"https:\/\/salgadosgolf.com\/wp-content\/uploads\/2023\/12\/Titleist-Logo.png 375w, https:\/\/salgadosgolf.com\/wp-content\/uploads\/2023\/12\/Titleist-Logo-300x144.png 300w\" sizes=\"(max-width: 375px) 100vw, 375px\" \/>\t\t\t\t\t\t\t\t\t\t\t\t\t\t\t<\/div>\n\t\t\t\t<\/div>\n\t\t\t\t\t<\/div>\n\t\t\t\t<\/div>\n\t\t\t\t<\/div>","protected":false},"excerpt":{"rendered":"<p>Book a tee time Golf Shop at Salgados Golf Club Premium Golf Gear &amp; Accessories Visit the Golf Shop at Salgados Golf Club for all your golfing essentials. Conveniently located [&hellip;]<\/p>\n","protected":false},"author":3,"featured_media":30,"parent":0,"menu_order":0,"comment_status":"closed","ping_status":"closed","template":"","meta":{"_acf_changed":false,"footnotes":""},"class_list":["post-139","page","type-page","status-publish","has-post-thumbnail","hentry"],"acf":[],"yoast_head":"<!-- This site is optimized with the Yoast SEO plugin v27.4 - https:\/\/yoast.com\/product\/yoast-seo-wordpress\/ -->\n<title>Golf Shop - Salgados Golf<\/title>\n<meta name=\"robots\" content=\"index, follow, max-snippet:-1, max-image-preview:large, max-video-preview:-1\" \/>\n<link rel=\"canonical\" href=\"https:\/\/salgadosgolf.com\/pt\/golf-shop\/\" \/>\n<meta property=\"og:locale\" content=\"pt_PT\" \/>\n<meta property=\"og:type\" content=\"article\" \/>\n<meta property=\"og:title\" content=\"Golf Shop - Salgados Golf\" \/>\n<meta property=\"og:description\" content=\"Book a tee time Golf Shop at Salgados Golf Club Premium Golf Gear &amp; Accessories Visit the Golf Shop at Salgados Golf Club for all your golfing essentials. Conveniently located [&hellip;]\" \/>\n<meta property=\"og:url\" content=\"https:\/\/salgadosgolf.com\/pt\/golf-shop\/\" \/>\n<meta property=\"og:site_name\" content=\"Salgados Golf\" \/>\n<meta property=\"article:modified_time\" content=\"2025-04-17T19:33:11+00:00\" \/>\n<meta property=\"og:image\" content=\"https:\/\/salgadosgolf.com\/wp-content\/uploads\/2023\/12\/salgados-golf-course_Hero-1024x682.jpg\" \/>\n\t<meta property=\"og:image:width\" content=\"1024\" \/>\n\t<meta property=\"og:image:height\" content=\"682\" \/>\n\t<meta property=\"og:image:type\" content=\"image\/jpeg\" \/>\n<meta name=\"twitter:card\" content=\"summary_large_image\" \/>\n<meta name=\"twitter:label1\" content=\"Tempo estimado de leitura\" \/>\n\t<meta name=\"twitter:data1\" content=\"2 minutos\" \/>\n<script type=\"application\/ld+json\" class=\"yoast-schema-graph\">{\"@context\":\"https:\\\/\\\/schema.org\",\"@graph\":[{\"@type\":\"WebPage\",\"@id\":\"https:\\\/\\\/salgadosgolf.com\\\/golf-shop\",\"url\":\"https:\\\/\\\/salgadosgolf.com\\\/golf-shop\",\"name\":\"Golf Shop - Salgados Golf\",\"isPartOf\":{\"@id\":\"https:\\\/\\\/salgadosgolf.com\\\/#website\"},\"primaryImageOfPage\":{\"@id\":\"https:\\\/\\\/salgadosgolf.com\\\/golf-shop#primaryimage\"},\"image\":{\"@id\":\"https:\\\/\\\/salgadosgolf.com\\\/golf-shop#primaryimage\"},\"thumbnailUrl\":\"https:\\\/\\\/salgadosgolf.com\\\/wp-content\\\/uploads\\\/2023\\\/12\\\/salgados-golf-course_Hero.jpg\",\"datePublished\":\"2023-12-04T16:21:53+00:00\",\"dateModified\":\"2025-04-17T19:33:11+00:00\",\"breadcrumb\":{\"@id\":\"https:\\\/\\\/salgadosgolf.com\\\/golf-shop#breadcrumb\"},\"inLanguage\":\"pt-PT\",\"potentialAction\":[{\"@type\":\"ReadAction\",\"target\":[\"https:\\\/\\\/salgadosgolf.com\\\/golf-shop\"]}]},{\"@type\":\"ImageObject\",\"inLanguage\":\"pt-PT\",\"@id\":\"https:\\\/\\\/salgadosgolf.com\\\/golf-shop#primaryimage\",\"url\":\"https:\\\/\\\/salgadosgolf.com\\\/wp-content\\\/uploads\\\/2023\\\/12\\\/salgados-golf-course_Hero.jpg\",\"contentUrl\":\"https:\\\/\\\/salgadosgolf.com\\\/wp-content\\\/uploads\\\/2023\\\/12\\\/salgados-golf-course_Hero.jpg\",\"width\":2017,\"height\":1344},{\"@type\":\"BreadcrumbList\",\"@id\":\"https:\\\/\\\/salgadosgolf.com\\\/golf-shop#breadcrumb\",\"itemListElement\":[{\"@type\":\"ListItem\",\"position\":1,\"name\":\"Portada\",\"item\":\"https:\\\/\\\/salgadosgolf.com\\\/\"},{\"@type\":\"ListItem\",\"position\":2,\"name\":\"Golf Shop\"}]},{\"@type\":\"WebSite\",\"@id\":\"https:\\\/\\\/salgadosgolf.com\\\/#website\",\"url\":\"https:\\\/\\\/salgadosgolf.com\\\/\",\"name\":\"Salgados Golf\",\"description\":\"Salgados Golf\",\"publisher\":{\"@id\":\"https:\\\/\\\/salgadosgolf.com\\\/#organization\"},\"potentialAction\":[{\"@type\":\"SearchAction\",\"target\":{\"@type\":\"EntryPoint\",\"urlTemplate\":\"https:\\\/\\\/salgadosgolf.com\\\/?s={search_term_string}\"},\"query-input\":{\"@type\":\"PropertyValueSpecification\",\"valueRequired\":true,\"valueName\":\"search_term_string\"}}],\"inLanguage\":\"pt-PT\"},{\"@type\":\"Organization\",\"@id\":\"https:\\\/\\\/salgadosgolf.com\\\/#organization\",\"name\":\"Salgados Golf\",\"url\":\"https:\\\/\\\/salgadosgolf.com\\\/\",\"logo\":{\"@type\":\"ImageObject\",\"inLanguage\":\"pt-PT\",\"@id\":\"https:\\\/\\\/salgadosgolf.com\\\/#\\\/schema\\\/logo\\\/image\\\/\",\"url\":\"https:\\\/\\\/salgadosgolf.com\\\/wp-content\\\/uploads\\\/2023\\\/12\\\/Salgados-Logo-white.svg\",\"contentUrl\":\"https:\\\/\\\/salgadosgolf.com\\\/wp-content\\\/uploads\\\/2023\\\/12\\\/Salgados-Logo-white.svg\",\"width\":214,\"height\":200,\"caption\":\"Salgados Golf\"},\"image\":{\"@id\":\"https:\\\/\\\/salgadosgolf.com\\\/#\\\/schema\\\/logo\\\/image\\\/\"}}]}<\/script>\n<!-- \/ Yoast SEO plugin. -->","yoast_head_json":{"title":"Golf Shop - Salgados Golf","robots":{"index":"index","follow":"follow","max-snippet":"max-snippet:-1","max-image-preview":"max-image-preview:large","max-video-preview":"max-video-preview:-1"},"canonical":"https:\/\/salgadosgolf.com\/pt\/golf-shop\/","og_locale":"pt_PT","og_type":"article","og_title":"Golf Shop - Salgados Golf","og_description":"Book a tee time Golf Shop at Salgados Golf Club Premium Golf Gear &amp; Accessories Visit the Golf Shop at Salgados Golf Club for all your golfing essentials. Conveniently located [&hellip;]","og_url":"https:\/\/salgadosgolf.com\/pt\/golf-shop\/","og_site_name":"Salgados Golf","article_modified_time":"2025-04-17T19:33:11+00:00","og_image":[{"width":1024,"height":682,"url":"https:\/\/salgadosgolf.com\/wp-content\/uploads\/2023\/12\/salgados-golf-course_Hero-1024x682.jpg","type":"image\/jpeg"}],"twitter_card":"summary_large_image","twitter_misc":{"Tempo estimado de leitura":"2 minutos"},"schema":{"@context":"https:\/\/schema.org","@graph":[{"@type":"WebPage","@id":"https:\/\/salgadosgolf.com\/golf-shop","url":"https:\/\/salgadosgolf.com\/golf-shop","name":"Golf Shop - Salgados Golf","isPartOf":{"@id":"https:\/\/salgadosgolf.com\/#website"},"primaryImageOfPage":{"@id":"https:\/\/salgadosgolf.com\/golf-shop#primaryimage"},"image":{"@id":"https:\/\/salgadosgolf.com\/golf-shop#primaryimage"},"thumbnailUrl":"https:\/\/salgadosgolf.com\/wp-content\/uploads\/2023\/12\/salgados-golf-course_Hero.jpg","datePublished":"2023-12-04T16:21:53+00:00","dateModified":"2025-04-17T19:33:11+00:00","breadcrumb":{"@id":"https:\/\/salgadosgolf.com\/golf-shop#breadcrumb"},"inLanguage":"pt-PT","potentialAction":[{"@type":"ReadAction","target":["https:\/\/salgadosgolf.com\/golf-shop"]}]},{"@type":"ImageObject","inLanguage":"pt-PT","@id":"https:\/\/salgadosgolf.com\/golf-shop#primaryimage","url":"https:\/\/salgadosgolf.com\/wp-content\/uploads\/2023\/12\/salgados-golf-course_Hero.jpg","contentUrl":"https:\/\/salgadosgolf.com\/wp-content\/uploads\/2023\/12\/salgados-golf-course_Hero.jpg","width":2017,"height":1344},{"@type":"BreadcrumbList","@id":"https:\/\/salgadosgolf.com\/golf-shop#breadcrumb","itemListElement":[{"@type":"ListItem","position":1,"name":"Portada","item":"https:\/\/salgadosgolf.com\/"},{"@type":"ListItem","position":2,"name":"Golf Shop"}]},{"@type":"WebSite","@id":"https:\/\/salgadosgolf.com\/#website","url":"https:\/\/salgadosgolf.com\/","name":"Salgados Golf","description":"Salgados Golf","publisher":{"@id":"https:\/\/salgadosgolf.com\/#organization"},"potentialAction":[{"@type":"SearchAction","target":{"@type":"EntryPoint","urlTemplate":"https:\/\/salgadosgolf.com\/?s={search_term_string}"},"query-input":{"@type":"PropertyValueSpecification","valueRequired":true,"valueName":"search_term_string"}}],"inLanguage":"pt-PT"},{"@type":"Organization","@id":"https:\/\/salgadosgolf.com\/#organization","name":"Salgados Golf","url":"https:\/\/salgadosgolf.com\/","logo":{"@type":"ImageObject","inLanguage":"pt-PT","@id":"https:\/\/salgadosgolf.com\/#\/schema\/logo\/image\/","url":"https:\/\/salgadosgolf.com\/wp-content\/uploads\/2023\/12\/Salgados-Logo-white.svg","contentUrl":"https:\/\/salgadosgolf.com\/wp-content\/uploads\/2023\/12\/Salgados-Logo-white.svg","width":214,"height":200,"caption":"Salgados Golf"},"image":{"@id":"https:\/\/salgadosgolf.com\/#\/schema\/logo\/image\/"}}]}},"_links":{"self":[{"href":"https:\/\/salgadosgolf.com\/pt\/wp-json\/wp\/v2\/pages\/139","targetHints":{"allow":["GET"]}}],"collection":[{"href":"https:\/\/salgadosgolf.com\/pt\/wp-json\/wp\/v2\/pages"}],"about":[{"href":"https:\/\/salgadosgolf.com\/pt\/wp-json\/wp\/v2\/types\/page"}],"author":[{"embeddable":true,"href":"https:\/\/salgadosgolf.com\/pt\/wp-json\/wp\/v2\/users\/3"}],"replies":[{"embeddable":true,"href":"https:\/\/salgadosgolf.com\/pt\/wp-json\/wp\/v2\/comments?post=139"}],"version-history":[{"count":63,"href":"https:\/\/salgadosgolf.com\/pt\/wp-json\/wp\/v2\/pages\/139\/revisions"}],"predecessor-version":[{"id":1892,"href":"https:\/\/salgadosgolf.com\/pt\/wp-json\/wp\/v2\/pages\/139\/revisions\/1892"}],"wp:featuredmedia":[{"embeddable":true,"href":"https:\/\/salgadosgolf.com\/pt\/wp-json\/wp\/v2\/media\/30"}],"wp:attachment":[{"href":"https:\/\/salgadosgolf.com\/pt\/wp-json\/wp\/v2\/media?parent=139"}],"curies":[{"name":"wp","href":"https:\/\/api.w.org\/{rel}","templated":true}]}}